{"id":25,"date":"2024-01-07T15:30:49","date_gmt":"2024-01-07T14:30:49","guid":{"rendered":"https:\/\/nathaliehardouin.fr\/?page_id=25"},"modified":"2025-03-30T12:40:03","modified_gmt":"2025-03-30T10:40:03","slug":"biographie","status":"publish","type":"page","link":"https:\/\/nathaliehardouin.fr\/index.php\/biographie\/","title":{"rendered":"Chemin musical"},"content":{"rendered":"\n<h3 class=\"wp-block-heading\"><strong>Mes Racines musicales&nbsp;<\/strong><\/h3>\n\n\n\n<p class=\"has-medium-font-size\">Jeune enfant, la musique a touch\u00e9 mon coeur, sans que j\u2019en prenne conscience. C\u2019\u00e9tait naturel, de chanter ou de jouer sous les vo\u00fbtes d\u2019une cath\u00e9drale ou de chanter du chant gr\u00e9gorien dans une \u00e9glise romane. La Beaut\u00e9 architecturale, la Lumi\u00e8re du Jour jouant des couleurs en traversant les vitraux, la Musique d\u2019un orgue habitant les pierres. La graine pour \u00eatre musicienne \u00e9tait sem\u00e9e.<\/p>\n\n\n\n<p class=\"has-medium-font-size\">Voix et Instruments, ont toujours \u00e9t\u00e9 reli\u00e9s dans mes \u00e9tudes musicales (Conservatoire d\u2019Art Lyrique, Choeur Gr\u00e9gorien de Paris, Classe d&#8217;Orchestre) qui remontaient le temps du Moyen- Age \u00e0 l\u2019\u00e9poque contemporaine.<\/p>\n\n\n\n<p class=\"has-medium-font-size\">C\u2019est lors d\u2019un voyage en Inde, que mon coeur et mon \u00e2me ont \u00e9t\u00e9 touch\u00e9s une 2eme fois, en pleine conscience&nbsp;:<\/p>\n\n\n\n<p class=\"has-medium-font-size\">Le chant devenait un acte de c\u00e9l\u00e9bration de la Vie, de la Terre et du Cosmos. Cette r\u00e9v\u00e9lation m\u2019a profond\u00e9ment boulevers\u00e9e. Elle a donn\u00e9 le sens que je cherchais \u00e0 ma vie, cette qu\u00eate de Libert\u00e9 o\u00f9 la Musique ouvre la porte sur la Paix int\u00e9rieure, transforme les pens\u00e9es destructrices en pens\u00e9es cr\u00e9atrices, et d\u00e9ploie ses ailes vers la Beaut\u00e9 de l\u2019Existence.<\/p>\n\n\n\n<p class=\"has-medium-font-size\">Nourrie de toutes ces impr\u00e9gnations musicales, d\u2019amour pour la Po\u00e9sie et la Nature, j\u2019ai con\u00e7u un programme de Concerts Musico-po\u00e9tiques&nbsp; reli\u00e9s \u00e0 chaque saison , et&nbsp; des Concerts de Chant sacr\u00e9.<\/p>\n\n\n\n<h3 class=\"wp-block-heading\">Mes instruments<\/h3>\n\n\n\n<p class=\"has-medium-font-size\"><strong>Ma Voix&nbsp;<\/strong>: <strong>Soprane,<\/strong> ma voix claire et riche en harmoniques, vitalisante et harmonisante, fait voyager de la Terre vers le Ciel.<\/p>\n\n\n\n<p class=\"has-medium-font-size\"><strong>Mes instruments&nbsp;:<\/strong> je m\u2019accompagne de nombreux instruments choisis pour leurs sonorit\u00e9s \u00e9voquant la Nature et l\u2019\u00c9ternit\u00e9 : la harpe celtique- les fl\u00fbtes en bois &#8211; l\u2019anantar \u2013 l\u2019harmonium indien &#8211; le tambour- les carillons- les bols de l\u2019Himalaya \u2026.<\/p>\n\n\n\n<p><\/p>\n","protected":false},"excerpt":{"rendered":"<p>Mes Racines musicales&nbsp; Jeune enfant, la musique a touch\u00e9 mon coeur, sans que j\u2019en prenne conscience. C\u2019\u00e9tait naturel, de chanter ou de jouer sous les vo\u00fbtes d\u2019une cath\u00e9drale ou de chanter du chant gr\u00e9gorien dans une \u00e9glise romane. La Beaut\u00e9 architecturale, la Lumi\u00e8re du Jour jouant des couleurs en traversant les vitraux, la Musique d\u2019un orgue habitant les pierres. La graine pour \u00eatre musicienne \u00e9tait sem\u00e9e. Voix et Instruments, ont toujours \u00e9t\u00e9 reli\u00e9s dans mes \u00e9tudes musicales (Conservatoire d\u2019Art Lyrique, Choeur Gr\u00e9gorien de Paris, Classe d&#8217;Orchestre) qui remontaient le temps du Moyen- Age \u00e0 l\u2019\u00e9poque contemporaine. C\u2019est lors d\u2019un voyage en Inde, que mon coeur et mon \u00e2me ont \u00e9t\u00e9 touch\u00e9s une 2eme fois, en pleine conscience&nbsp;: Le chant devenait un acte de c\u00e9l\u00e9bration de la Vie, de la Terre et du Cosmos. Cette r\u00e9v\u00e9lation m\u2019a profond\u00e9ment boulevers\u00e9e. Elle a donn\u00e9 le sens que je cherchais \u00e0 ma vie, cette qu\u00eate de Libert\u00e9 o\u00f9 la Musique ouvre la porte sur la Paix int\u00e9rieure, transforme les pens\u00e9es destructrices en pens\u00e9es cr\u00e9atrices, et d\u00e9ploie ses ailes vers la Beaut\u00e9 de l\u2019Existence. Nourrie de toutes ces impr\u00e9gnations musicales, d\u2019amour pour la Po\u00e9sie et la Nature, j\u2019ai con\u00e7u un programme de Concerts Musico-po\u00e9tiques&nbsp; reli\u00e9s \u00e0 chaque saison , et&nbsp; des Concerts de Chant sacr\u00e9. Mes instruments Ma Voix&nbsp;: Soprane, ma voix claire et riche en harmoniques, vitalisante et harmonisante, fait voyager de la Terre vers le Ciel. Mes instruments&nbsp;: je m\u2019accompagne de nombreux instruments choisis pour leurs sonorit\u00e9s \u00e9voquant la Nature et l\u2019\u00c9ternit\u00e9 : la harpe celtique- les fl\u00fbtes en bois &#8211; l\u2019anantar \u2013 l\u2019harmonium indien &#8211; le tambour- les carillons- les bols de l\u2019Himalaya \u2026.<\/p>\n","protected":false},"author":2,"featured_media":0,"parent":0,"menu_order":0,"comment_status":"closed","ping_status":"closed","template":"wp-custom-template-bandeau-l-artiste","meta":{"jetpack_post_was_ever_published":false,"footnotes":""},"class_list":["post-25","page","type-page","status-publish","hentry"],"jetpack_sharing_enabled":true,"_links":{"self":[{"href":"https:\/\/nathaliehardouin.fr\/index.php\/wp-json\/wp\/v2\/pages\/25","targetHints":{"allow":["GET"]}}],"collection":[{"href":"https:\/\/nathaliehardouin.fr\/index.php\/wp-json\/wp\/v2\/pages"}],"about":[{"href":"https:\/\/nathaliehardouin.fr\/index.php\/wp-json\/wp\/v2\/types\/page"}],"author":[{"embeddable":true,"href":"https:\/\/nathaliehardouin.fr\/index.php\/wp-json\/wp\/v2\/users\/2"}],"replies":[{"embeddable":true,"href":"https:\/\/nathaliehardouin.fr\/index.php\/wp-json\/wp\/v2\/comments?post=25"}],"version-history":[{"count":15,"href":"https:\/\/nathaliehardouin.fr\/index.php\/wp-json\/wp\/v2\/pages\/25\/revisions"}],"predecessor-version":[{"id":293,"href":"https:\/\/nathaliehardouin.fr\/index.php\/wp-json\/wp\/v2\/pages\/25\/revisions\/293"}],"wp:attachment":[{"href":"https:\/\/nathaliehardouin.fr\/index.php\/wp-json\/wp\/v2\/media?parent=25"}],"curies":[{"name":"wp","href":"https:\/\/api.w.org\/{rel}","templated":true}]}}