{"id":210,"date":"2024-04-12T13:49:46","date_gmt":"2024-04-12T11:49:46","guid":{"rendered":"https:\/\/nathaliehardouin.fr\/?page_id=210"},"modified":"2025-01-28T18:10:33","modified_gmt":"2025-01-28T17:10:33","slug":"concert-musico-poetique","status":"publish","type":"page","link":"https:\/\/nathaliehardouin.fr\/index.php\/concert-musico-poetique\/","title":{"rendered":"Concert Musico-Po\u00e9tique"},"content":{"rendered":"\n<p><\/p>\n\n\n\n<div class=\"wp-block-cover\" style=\"min-height:284px;aspect-ratio:unset;\"><span aria-hidden=\"true\" class=\"wp-block-cover__background has-background-dim\"><\/span><img loading=\"lazy\" decoding=\"async\" width=\"768\" height=\"1024\" class=\"wp-block-cover__image-background wp-image-123\" alt=\"\" src=\"https:\/\/i0.wp.com\/nathaliehardouin.fr\/wp-content\/uploads\/2024\/02\/bach-10223_1280-768x1024.jpg?resize=768%2C1024&#038;ssl=1\" data-object-fit=\"cover\" srcset=\"https:\/\/i0.wp.com\/nathaliehardouin.fr\/wp-content\/uploads\/2024\/02\/bach-10223_1280.jpg?resize=768%2C1024&amp;ssl=1 768w, https:\/\/i0.wp.com\/nathaliehardouin.fr\/wp-content\/uploads\/2024\/02\/bach-10223_1280.jpg?resize=225%2C300&amp;ssl=1 225w, https:\/\/i0.wp.com\/nathaliehardouin.fr\/wp-content\/uploads\/2024\/02\/bach-10223_1280.jpg?w=960&amp;ssl=1 960w\" sizes=\"auto, (max-width: 768px) 100vw, 768px\" data-recalc-dims=\"1\" \/><div class=\"wp-block-cover__inner-container is-layout-flow wp-block-cover-is-layout-flow\">\n<p class=\"has-text-align-center has-large-font-size\">Concert Musico-Po\u00e9tique des Saisons<\/p>\n<\/div><\/div>\n\n\n\n<p>                           <strong>Quatre programmes,<\/strong> <strong>un pour chaque saison<\/strong><\/p>\n\n\n\n<p>Chants traditionnels celtiques, Berceuses du Monde, Chants sacr\u00e9s de la Terre Entrelac\u00e9s d\u2019improvisations et de po\u00e8mes internationaux sur la Nature.<\/p>\n\n\n\n<p>Mis en musique par Nathalie Hardouin<\/p>\n\n\n\n<p>Un Concert pour se relier au rythme des saisons et c\u00e9l\u00e9brer la Nature&nbsp;:<\/p>\n\n\n\n<p>Je transporte l\u2019auditeur dans l\u2019atmosph\u00e8re de chaque saison de l\u2019ann\u00e9e, et dans les sons de la nature&nbsp;: jaillissement de l\u2019eau sur les rochers, clart\u00e9 des gouttes d\u2019eau, vibration de l\u2019aile d\u2019un oiseau\u2026 Je peins des paysages sonores qui enveloppent l\u2019auditeur d\u2019ondes \u00e0 la fois douces, sereines, stimulantes, vivifiantes, r\u00e9g\u00e9n\u00e9rantes.<\/p>\n\n\n\n<p><\/p>\n","protected":false},"excerpt":{"rendered":"<p>Quatre programmes, un pour chaque saison Chants traditionnels celtiques, Berceuses du Monde, Chants sacr\u00e9s de la Terre Entrelac\u00e9s d\u2019improvisations et de po\u00e8mes internationaux sur la Nature. Mis en musique par Nathalie Hardouin Un Concert pour se relier au rythme des saisons et c\u00e9l\u00e9brer la Nature&nbsp;: Je transporte l\u2019auditeur dans l\u2019atmosph\u00e8re de chaque saison de l\u2019ann\u00e9e, et dans les sons de la nature&nbsp;: jaillissement de l\u2019eau sur les rochers, clart\u00e9 des gouttes d\u2019eau, vibration de l\u2019aile d\u2019un oiseau\u2026 Je peins des paysages sonores qui enveloppent l\u2019auditeur d\u2019ondes \u00e0 la fois douces, sereines, stimulantes, vivifiantes, r\u00e9g\u00e9n\u00e9rantes.<\/p>\n","protected":false},"author":1,"featured_media":0,"parent":0,"menu_order":0,"comment_status":"closed","ping_status":"closed","template":"wp-custom-template-bandeau-concert-chant-sacre","meta":{"jetpack_post_was_ever_published":false,"footnotes":""},"class_list":["post-210","page","type-page","status-publish","hentry"],"jetpack_sharing_enabled":true,"_links":{"self":[{"href":"https:\/\/nathaliehardouin.fr\/index.php\/wp-json\/wp\/v2\/pages\/210","targetHints":{"allow":["GET"]}}],"collection":[{"href":"https:\/\/nathaliehardouin.fr\/index.php\/wp-json\/wp\/v2\/pages"}],"about":[{"href":"https:\/\/nathaliehardouin.fr\/index.php\/wp-json\/wp\/v2\/types\/page"}],"author":[{"embeddable":true,"href":"https:\/\/nathaliehardouin.fr\/index.php\/wp-json\/wp\/v2\/users\/1"}],"replies":[{"embeddable":true,"href":"https:\/\/nathaliehardouin.fr\/index.php\/wp-json\/wp\/v2\/comments?post=210"}],"version-history":[{"count":4,"href":"https:\/\/nathaliehardouin.fr\/index.php\/wp-json\/wp\/v2\/pages\/210\/revisions"}],"predecessor-version":[{"id":245,"href":"https:\/\/nathaliehardouin.fr\/index.php\/wp-json\/wp\/v2\/pages\/210\/revisions\/245"}],"wp:attachment":[{"href":"https:\/\/nathaliehardouin.fr\/index.php\/wp-json\/wp\/v2\/media?parent=210"}],"curies":[{"name":"wp","href":"https:\/\/api.w.org\/{rel}","templated":true}]}}